{"id":18,"date":"2019-01-07T17:22:01","date_gmt":"2019-01-07T16:22:01","guid":{"rendered":"http:\/\/new.toma-dachbau.com\/?page_id=18"},"modified":"2019-01-07T23:56:34","modified_gmt":"2019-01-07T22:56:34","slug":"impressum","status":"publish","type":"page","link":"https:\/\/toma-dachbau.com\/?page_id=18","title":{"rendered":"Impressum"},"content":{"rendered":"<p><strong>Impressum<\/strong><\/p>\n<p>Toma Dachbau KG<br \/>\nThalheimer Stra\u00dfe 146a<br \/>\n06766 Bitterfeld-Wolfen<br \/>\nDeutschland<br \/>\nTel.: 03494 9287274<br \/>\nInternet: <a href=\"http:\/\/www.toma-dachbau.de\/\">www.toma-dachbau.com<\/a><br \/>\n<strong>e-mail:<\/strong> info@toma-dachbau.com<\/p>\n<p>Register:<br \/>\nAG Stendal<br \/>\nHRA 1522<\/p>\n<p>Berufskammer:<br \/>\nHandwerkskammer Halle<br \/>\nGr\u00e4festra\u00dfe. 24<br \/>\n<a href=\"http:\/\/www.hwkhalle.de\/\" target=\"_blank\" rel=\"noopener\">www.hwkhalle.de<\/a><\/p>\n<p>Umsatzsteuer-Identifikationsnummer gem\u00e4\u00df \u00a7 27 a<br \/>\nUmsatzsteuergesetz: DE 113\/161\/04004<\/p>\n","protected":false},"excerpt":{"rendered":"<p>Impressum Toma Dachbau KG Thalheimer Stra\u00dfe 146a 06766 Bitterfeld-Wolfen Deutschland Tel.: 03494 9287274 Internet: www.toma-dachbau.com e-mail: info@toma-dachbau.com Register: AG Stendal HRA 1522 Berufskammer: Handwerkskammer Halle Gr\u00e4festra\u00dfe. 24 www.hwkhalle.de Umsatzsteuer-Identifikationsnummer gem\u00e4\u00df \u00a7 27 a Umsatzsteuergesetz: DE 113\/161\/04004<\/p>\n","protected":false},"author":1,"featured_media":0,"parent":0,"menu_order":0,"comment_status":"closed","ping_status":"closed","template":"","meta":{"_joinchat":[],"footnotes":""},"class_list":["post-18","page","type-page","status-publish","czr-hentry"],"_links":{"self":[{"href":"https:\/\/toma-dachbau.com\/index.php?rest_route=\/wp\/v2\/pages\/18","targetHints":{"allow":["GET"]}}],"collection":[{"href":"https:\/\/toma-dachbau.com\/index.php?rest_route=\/wp\/v2\/pages"}],"about":[{"href":"https:\/\/toma-dachbau.com\/index.php?rest_route=\/wp\/v2\/types\/page"}],"author":[{"embeddable":true,"href":"https:\/\/toma-dachbau.com\/index.php?rest_route=\/wp\/v2\/users\/1"}],"replies":[{"embeddable":true,"href":"https:\/\/toma-dachbau.com\/index.php?rest_route=%2Fwp%2Fv2%2Fcomments&post=18"}],"version-history":[{"count":3,"href":"https:\/\/toma-dachbau.com\/index.php?rest_route=\/wp\/v2\/pages\/18\/revisions"}],"predecessor-version":[{"id":293,"href":"https:\/\/toma-dachbau.com\/index.php?rest_route=\/wp\/v2\/pages\/18\/revisions\/293"}],"wp:attachment":[{"href":"https:\/\/toma-dachbau.com\/index.php?rest_route=%2Fwp%2Fv2%2Fmedia&parent=18"}],"curies":[{"name":"wp","href":"https:\/\/api.w.org\/{rel}","templated":true}]}}